{"id":1488,"date":"2012-08-29T10:33:35","date_gmt":"2012-08-29T10:33:35","guid":{"rendered":"http:\/\/noremi.no\/about-us\/"},"modified":"2015-08-10T06:41:44","modified_gmt":"2015-08-10T06:41:44","slug":"about-us","status":"publish","type":"page","link":"https:\/\/noremi.no\/es\/about-us\/","title":{"rendered":"Acerca de nosotros"},"content":{"rendered":"<p>La agencia de traducci\u00f3n \u201cNOREMI\u201d se encuentra en el centro de Bergen y ofrece traducci\u00f3n profesional, servicios de interpretaci\u00f3n y edici\u00f3n. Proporcionamos traducci\u00f3n de y al noruego, as\u00ed como tambi\u00e9n en cualquier otro idioma del mundo.<\/p>\n<p><a title=\"Contacto\" href=\"http:\/\/noremi.no\/es\/contacto\/\">Contacto<\/a><\/p>\n<p>Dolores Aros<br \/>\n<a href=\"mailto:dolores@noremi.no\">dolores@noremi.no<\/a><br \/>\nTel\u00e9fono: (+47) 456 93 191<\/p>\n","protected":false},"excerpt":{"rendered":"<p>La agencia de traducci\u00f3n \u201cNOREMI\u201d se encuentra en el centro de Bergen y ofrece traducci\u00f3n profesional, servicios de interpretaci\u00f3n y edici\u00f3n. Proporcionamos traducci\u00f3n de y al noruego, as\u00ed como tambi\u00e9n en cualquier otro idioma del mundo. Contacto Dolores Aros dolores@noremi.no Tel\u00e9fono: (+47) 456 93 191<\/p>\n","protected":false},"author":1,"featured_media":0,"parent":0,"menu_order":15,"comment_status":"closed","ping_status":"open","template":"","meta":{"_acf_changed":false,"footnotes":"","_links_to":"","_links_to_target":""},"class_list":["post-1488","page","type-page","status-publish","hentry"],"acf":[],"aioseo_notices":[],"_links":{"self":[{"href":"https:\/\/noremi.no\/es\/wp-json\/wp\/v2\/pages\/1488","targetHints":{"allow":["GET"]}}],"collection":[{"href":"https:\/\/noremi.no\/es\/wp-json\/wp\/v2\/pages"}],"about":[{"href":"https:\/\/noremi.no\/es\/wp-json\/wp\/v2\/types\/page"}],"author":[{"embeddable":true,"href":"https:\/\/noremi.no\/es\/wp-json\/wp\/v2\/users\/1"}],"replies":[{"embeddable":true,"href":"https:\/\/noremi.no\/es\/wp-json\/wp\/v2\/comments?post=1488"}],"version-history":[{"count":14,"href":"https:\/\/noremi.no\/es\/wp-json\/wp\/v2\/pages\/1488\/revisions"}],"predecessor-version":[{"id":2265,"href":"https:\/\/noremi.no\/es\/wp-json\/wp\/v2\/pages\/1488\/revisions\/2265"}],"wp:attachment":[{"href":"https:\/\/noremi.no\/es\/wp-json\/wp\/v2\/media?parent=1488"}],"curies":[{"name":"wp","href":"https:\/\/api.w.org\/{rel}","templated":true}]}}