{"id":1486,"date":"2012-08-29T10:33:35","date_gmt":"2012-08-29T10:33:35","guid":{"rendered":"http:\/\/noremi.no\/about-us\/"},"modified":"2015-08-10T06:43:05","modified_gmt":"2015-08-10T06:43:05","slug":"about-us","status":"publish","type":"page","link":"https:\/\/noremi.no\/fr\/about-us\/","title":{"rendered":"\u00c0 propos de nous"},"content":{"rendered":"<p>L&#8217;agence de traduction NOREMI est situ\u00e9e au centre de Bergen et offre des services de traduction, d&#8217;interpr\u00e9tariat et d&#8217;\u00e9dition professionnels. Nous ne fournissons pas seulement des services de traductions vers et \u00e0 partir du norv\u00e9gien mais \u00e9galement \u00e0 partir et vers toutes les autres langues.<\/p>\n<p><a title=\"Contact\" href=\"http:\/\/noremi.no\/fr\/contact\/\">Contact<\/a><\/p>\n<p>David Henrion<br \/>\n<a href=\"mailto:david@noremi.no\">david@noremi.no<br \/>\n<\/a>T\u00e9l\u00e9phone: (+47) 456 93 191<\/p>\n","protected":false},"excerpt":{"rendered":"<p>L&#8217;agence de traduction NOREMI est situ\u00e9e au centre de Bergen et offre des services de traduction, d&#8217;interpr\u00e9tariat et d&#8217;\u00e9dition professionnels. Nous ne fournissons pas seulement des services de traductions vers et \u00e0 partir du norv\u00e9gien mais \u00e9galement \u00e0 partir et vers toutes les autres langues. Contact David Henrion david@noremi.no T\u00e9l\u00e9phone: (+47) 456 93 191<\/p>\n","protected":false},"author":1,"featured_media":0,"parent":0,"menu_order":15,"comment_status":"closed","ping_status":"open","template":"","meta":{"_acf_changed":false,"footnotes":"","_links_to":"","_links_to_target":""},"class_list":["post-1486","page","type-page","status-publish","hentry"],"acf":[],"aioseo_notices":[],"_links":{"self":[{"href":"https:\/\/noremi.no\/fr\/wp-json\/wp\/v2\/pages\/1486","targetHints":{"allow":["GET"]}}],"collection":[{"href":"https:\/\/noremi.no\/fr\/wp-json\/wp\/v2\/pages"}],"about":[{"href":"https:\/\/noremi.no\/fr\/wp-json\/wp\/v2\/types\/page"}],"author":[{"embeddable":true,"href":"https:\/\/noremi.no\/fr\/wp-json\/wp\/v2\/users\/1"}],"replies":[{"embeddable":true,"href":"https:\/\/noremi.no\/fr\/wp-json\/wp\/v2\/comments?post=1486"}],"version-history":[{"count":13,"href":"https:\/\/noremi.no\/fr\/wp-json\/wp\/v2\/pages\/1486\/revisions"}],"predecessor-version":[{"id":2267,"href":"https:\/\/noremi.no\/fr\/wp-json\/wp\/v2\/pages\/1486\/revisions\/2267"}],"wp:attachment":[{"href":"https:\/\/noremi.no\/fr\/wp-json\/wp\/v2\/media?parent=1486"}],"curies":[{"name":"wp","href":"https:\/\/api.w.org\/{rel}","templated":true}]}}