{"id":1418,"date":"2012-09-18T11:54:33","date_gmt":"2012-09-18T11:54:33","guid":{"rendered":"http:\/\/noremi.no\/kontakt\/"},"modified":"2015-01-05T21:26:04","modified_gmt":"2015-01-05T21:26:04","slug":"kontakt","status":"publish","type":"page","link":"https:\/\/noremi.no\/lt\/kontakt\/","title":{"rendered":"Kontaktai"},"content":{"rendered":"\n<div class=\"wpcf7 no-js\" id=\"wpcf7-f1545-o1\" lang=\"\" dir=\"ltr\" data-wpcf7-id=\"1545\">\n<div class=\"screen-reader-response\"><p role=\"status\" aria-live=\"polite\" aria-atomic=\"true\"><\/p> <ul><\/ul><\/div>\n<form action=\"\/lt\/wp-json\/wp\/v2\/pages\/1418#wpcf7-f1545-o1\" method=\"post\" class=\"wpcf7-form init\" aria-label=\"Contact form\" enctype=\"multipart\/form-data\" novalidate=\"novalidate\" data-status=\"init\">\n<fieldset class=\"hidden-fields-container\"><input type=\"hidden\" name=\"_wpcf7\" value=\"1545\" \/><input type=\"hidden\" name=\"_wpcf7_version\" value=\"6.1.5\" \/><input type=\"hidden\" name=\"_wpcf7_locale\" value=\"\" \/><input type=\"hidden\" name=\"_wpcf7_unit_tag\" value=\"wpcf7-f1545-o1\" \/><input type=\"hidden\" name=\"_wpcf7_container_post\" value=\"0\" \/><input type=\"hidden\" name=\"_wpcf7_posted_data_hash\" value=\"\" \/>\n<\/fieldset>\n<div class=\"contact-form\">\n\t<p>U\u017eklausimo forma\n\t<\/p>\n\t<p>*Vardas\n\t<\/p>\n\t<p><span class=\"wpcf7-form-control-wrap\" data-name=\"your-name\"><input size=\"40\" maxlength=\"400\" class=\"wpcf7-form-control wpcf7-text wpcf7-validates-as-required\" aria-required=\"true\" aria-invalid=\"false\" value=\"\" type=\"text\" name=\"your-name\" \/><\/span>\n\t<\/p>\n\t<p>*Telefono nr.\n\t<\/p>\n\t<p><span class=\"wpcf7-form-control-wrap\" data-name=\"your-phone\"><input size=\"40\" maxlength=\"400\" class=\"wpcf7-form-control wpcf7-text wpcf7-validates-as-required\" aria-required=\"true\" aria-invalid=\"false\" value=\"\" type=\"text\" name=\"your-phone\" \/><\/span>\n\t<\/p>\n\t<p>*El. pa\u0161tas\n\t<\/p>\n\t<p><span class=\"wpcf7-form-control-wrap\" data-name=\"your-email\"><input size=\"40\" maxlength=\"400\" class=\"wpcf7-form-control wpcf7-email wpcf7-validates-as-required wpcf7-text wpcf7-validates-as-email\" aria-required=\"true\" aria-invalid=\"false\" value=\"\" type=\"email\" name=\"your-email\" \/><\/span>\n\t<\/p>\n\t<p class=\"hide\">*Failas<br \/>\n<span class=\"wpcf7-form-control-wrap\" data-name=\"file-634\"><input size=\"40\" class=\"wpcf7-form-control wpcf7-file\" accept=\".pdf,.doc,.docx,.xls,.xlsx,.ppt,.pptx,.rtf,.zip,.rar,.txt,.jpg,.png,.jpeg,.tiff,.gif,.bmp\" aria-invalid=\"false\" type=\"file\" name=\"file-634\" \/><\/span>\n\t<\/p>\n\t<p class=\"hide\"><span class=\"wpcf7-form-control-wrap\" data-name=\"file-635\"><input size=\"40\" class=\"wpcf7-form-control wpcf7-file\" accept=\".pdf,.doc,.docx,.xls,.xlsx,.ppt,.pptx,.rtf,.zip,.rar,.txt,.jpg,.png,.jpeg,.tiff,.gif,.bmp\" aria-invalid=\"false\" type=\"file\" name=\"file-635\" \/><\/span><a class=\"del_file\" href=\"#\"><img decoding=\"async\" src=\"http:\/\/www.noremi.no\/xknopke.jpg\" \/><\/a>\n\t<\/p>\n\t<p class=\"hide\"><span class=\"wpcf7-form-control-wrap\" data-name=\"file-636\"><input size=\"40\" class=\"wpcf7-form-control wpcf7-file\" accept=\".pdf,.doc,.docx,.xls,.xlsx,.ppt,.pptx,.rtf,.zip,.rar,.txt,.jpg,.png,.jpeg,.tiff,.gif,.bmp\" aria-invalid=\"false\" type=\"file\" name=\"file-636\" \/><\/span><a class=\"del_file\" href=\"#\"><img decoding=\"async\" src=\"http:\/\/www.noremi.no\/xknopke.jpg\" \/><\/a>\n\t<\/p>\n\t<p class=\"hide\"><span class=\"wpcf7-form-control-wrap\" data-name=\"file-637\"><input size=\"40\" class=\"wpcf7-form-control wpcf7-file\" accept=\".pdf,.doc,.docx,.xls,.xlsx,.ppt,.pptx,.rtf,.zip,.rar,.txt,.jpg,.png,.jpeg,.tiff,.gif,.bmp\" aria-invalid=\"false\" type=\"file\" name=\"file-637\" \/><\/span><a class=\"del_file\" href=\"#\"><img decoding=\"async\" src=\"http:\/\/www.noremi.no\/xknopke.jpg\" \/><\/a>\n\t<\/p>\n\t<p class=\"hide\"><span class=\"wpcf7-form-control-wrap\" data-name=\"file-638\"><input size=\"40\" class=\"wpcf7-form-control wpcf7-file\" accept=\".pdf,.doc,.docx,.xls,.xlsx,.ppt,.pptx,.rtf,.zip,.rar,.txt,.jpg,.png,.jpeg,.tiff,.gif,.bmp\" aria-invalid=\"false\" type=\"file\" name=\"file-638\" \/><\/span><a class=\"del_file\" href=\"#\"><img decoding=\"async\" src=\"http:\/\/www.noremi.no\/xknopke.jpg\" \/><\/a>\n\t<\/p>\n\t<p class=\"hide\"><span class=\"wpcf7-form-control-wrap\" data-name=\"file-639\"><input size=\"40\" class=\"wpcf7-form-control wpcf7-file\" accept=\".pdf,.doc,.docx,.xls,.xlsx,.ppt,.pptx,.rtf,.zip,.rar,.txt,.jpg,.png,.jpeg,.tiff,.gif,.bmp\" aria-invalid=\"false\" type=\"file\" name=\"file-639\" \/><\/span><a class=\"del_file\" href=\"#\"><img decoding=\"async\" src=\"http:\/\/www.noremi.no\/xknopke.jpg\" \/><\/a>\n\t<\/p>\n\t<p class=\"hide\"><span class=\"wpcf7-form-control-wrap\" data-name=\"file-640\"><input size=\"40\" class=\"wpcf7-form-control wpcf7-file\" accept=\".pdf,.doc,.docx,.xls,.xlsx,.ppt,.pptx,.rtf,.zip,.rar,.txt,.jpg,.png,.jpeg,.tiff,.gif,.bmp\" aria-invalid=\"false\" type=\"file\" name=\"file-640\" \/><\/span><a class=\"del_file\" href=\"#\"><img decoding=\"async\" src=\"http:\/\/www.noremi.no\/xknopke.jpg\" \/><\/a>\n\t<\/p>\n\t<p class=\"hide\"><span class=\"wpcf7-form-control-wrap\" data-name=\"file-641\"><input size=\"40\" class=\"wpcf7-form-control wpcf7-file\" accept=\".pdf,.doc,.docx,.xls,.xlsx,.ppt,.pptx,.rtf,.zip,.rar,.txt,.jpg,.png,.jpeg,.tiff,.gif,.bmp\" aria-invalid=\"false\" type=\"file\" name=\"file-641\" \/><\/span><a class=\"del_file\" href=\"#\"><img decoding=\"async\" src=\"http:\/\/www.noremi.no\/xknopke.jpg\" \/><\/a>\n\t<\/p>\n\t<p><a href=\"#\" class=\"add_file\"><img decoding=\"async\" src=\"http:\/\/www.noremi.no\/prideti.jpg\" \/><\/a>\n\t<\/p>\n\t<p>I\u0161 kalbos:<br \/>\n<span class=\"wpcf7-form-control-wrap\" data-name=\"fra\"><input size=\"40\" maxlength=\"400\" class=\"wpcf7-form-control wpcf7-text\" aria-invalid=\"false\" value=\"\" type=\"text\" name=\"fra\" \/><\/span>\n\t<\/p>\n\t<p>\u012e kalb\u0105:<br \/>\n<span class=\"wpcf7-form-control-wrap\" data-name=\"til\"><input size=\"40\" maxlength=\"400\" class=\"wpcf7-form-control wpcf7-text\" aria-invalid=\"false\" value=\"\" type=\"text\" name=\"til\" \/><\/span>\n\t<\/p>\n\t<p>Komentaras\n\t<\/p>\n\t<p><span class=\"wpcf7-form-control-wrap\" data-name=\"comments\"><textarea cols=\"40\" rows=\"10\" maxlength=\"2000\" class=\"wpcf7-form-control wpcf7-textarea\" aria-invalid=\"false\" name=\"comments\"><\/textarea><\/span>\n\t<\/p>\n\t<p>Pra\u0161ome suveskite saugos kod\u0105: <input type=\"hidden\" name=\"_wpcf7_captcha_challenge_captcha-995\" value=\"809127104\" \/><img loading=\"lazy\" decoding=\"async\" class=\"wpcf7-form-control wpcf7-captchac wpcf7-captcha-captcha-995\" width=\"72\" height=\"24\" alt=\"captcha\" src=\"https:\/\/noremi.no\/wp\/wp-content\/uploads\/wpcf7_captcha\/809127104.png\" \/>\n\t<\/p>\n\t<p><span class=\"wpcf7-form-control-wrap\" data-name=\"captcha-995\"><input size=\"33\" class=\"wpcf7-form-control wpcf7-captchar\" autocomplete=\"off\" aria-invalid=\"false\" value=\"\" type=\"text\" name=\"captcha-995\" \/><\/span>\n\t<\/p>\n\t<p><input class=\"wpcf7-form-control wpcf7-submit has-spinner\" type=\"submit\" value=\"Si\u0173sti\" \/>\n\t<\/p>\n<\/div><p style=\"display: none !important;\" class=\"akismet-fields-container\" data-prefix=\"_wpcf7_ak_\"><label>&#916;<textarea name=\"_wpcf7_ak_hp_textarea\" cols=\"45\" rows=\"8\" maxlength=\"100\"><\/textarea><\/label><input type=\"hidden\" id=\"ak_js_1\" name=\"_wpcf7_ak_js\" value=\"208\"\/><script>document.getElementById( \"ak_js_1\" ).setAttribute( \"value\", ( new Date() ).getTime() );<\/script><\/p><div class=\"wpcf7-response-output\" aria-hidden=\"true\"><\/div>\n<\/form>\n<\/div>\n\n<p>Susisiekite su manimi.<br \/>\n<strong>Emilijus Atminas<\/strong><\/p>\n<p><strong>Mobilus:<\/strong> (+47) 456 93191<br \/>\n<strong>El-pa\u0161tas:<\/strong>\u00a0<a href=\"mailto:emilijus@noremi.no\">emilijus@noremi.no<\/a><\/p>\n<p><strong>Adresas:<\/strong><br \/>\nNoremi Spr\u00e5ktjenester<br \/>\nB\u00f8hmergaten 37,<br \/>\n5057 Bergen,<br \/>\nNorge<\/p>\n<p><strong>\u012emon\u0117s kodas:<\/strong> 998 795 559 MVA<\/p>\n<p><strong>Darbo laikas:<br \/>\n<\/strong>Skambinkite arba si\u0173skite paklausimus <a href=\"mailto:emilijus@noremi.no\">el.pa\u0161tu<\/a> ir a\u0161 kuo skubiau atsakysiu \u012f J\u016bs\u0173 klausimus. \u012e skambu\u010dius atsiliepiu bei el.lai\u0161kus atsakau taip pat vakarais bei savaitgaliais.<\/p>\n<p>&nbsp;<\/p>\n","protected":false},"excerpt":{"rendered":"<p>Susisiekite su manimi. Emilijus Atminas Mobilus: (+47) 456 93191 El-pa\u0161tas:\u00a0emilijus@noremi.no Adresas: Noremi Spr\u00e5ktjenester B\u00f8hmergaten 37, 5057 Bergen, Norge \u012emon\u0117s kodas: 998 795 559 MVA Darbo laikas: Skambinkite arba si\u0173skite paklausimus el.pa\u0161tu ir a\u0161 kuo skubiau atsakysiu \u012f J\u016bs\u0173 klausimus. \u012e skambu\u010dius atsiliepiu bei el.lai\u0161kus atsakau taip pat vakarais bei savaitgaliais. &nbsp;<\/p>\n","protected":false},"author":1,"featured_media":0,"parent":0,"menu_order":36,"comment_status":"closed","ping_status":"open","template":"","meta":{"_acf_changed":false,"footnotes":"","_links_to":"","_links_to_target":""},"class_list":["post-1418","page","type-page","status-publish","hentry"],"acf":[],"aioseo_notices":[],"_links":{"self":[{"href":"https:\/\/noremi.no\/lt\/wp-json\/wp\/v2\/pages\/1418","targetHints":{"allow":["GET"]}}],"collection":[{"href":"https:\/\/noremi.no\/lt\/wp-json\/wp\/v2\/pages"}],"about":[{"href":"https:\/\/noremi.no\/lt\/wp-json\/wp\/v2\/types\/page"}],"author":[{"embeddable":true,"href":"https:\/\/noremi.no\/lt\/wp-json\/wp\/v2\/users\/1"}],"replies":[{"embeddable":true,"href":"https:\/\/noremi.no\/lt\/wp-json\/wp\/v2\/comments?post=1418"}],"version-history":[{"count":37,"href":"https:\/\/noremi.no\/lt\/wp-json\/wp\/v2\/pages\/1418\/revisions"}],"predecessor-version":[{"id":2251,"href":"https:\/\/noremi.no\/lt\/wp-json\/wp\/v2\/pages\/1418\/revisions\/2251"}],"wp:attachment":[{"href":"https:\/\/noremi.no\/lt\/wp-json\/wp\/v2\/media?parent=1418"}],"curies":[{"name":"wp","href":"https:\/\/api.w.org\/{rel}","templated":true}]}}